{"id":106,"date":"2019-01-12T17:28:51","date_gmt":"2019-01-12T16:28:51","guid":{"rendered":"https:\/\/iapr-tc10.univ-lr.fr\/?page_id=106"},"modified":"2025-01-22T11:00:18","modified_gmt":"2025-01-22T10:00:18","slug":"past-committees","status":"publish","type":"page","link":"https:\/\/iapr-tc10.univ-lr.fr\/?page_id=106","title":{"rendered":"Past Committees"},"content":{"rendered":"\n<h4>March 2021 &#8211; Jan 2025<\/h4>\n\n\n\n<p>Chair: Jean-Christophe BURIE, La Rochelle Universit\u00e9 (France)<br>Vice Chair: Miki Ueno, Osaka Institute of Technology (Japan)<br>Communications Officer : Christophe RIGAUD, La Rochelle Universit\u00e9 (France)<br>Educational officer: KC Santosh, University of South Dakota (United States)<br>Dataset curator: Pau Riba, Universitat Aut\u00f2noma de Barcelona (Spain)<br>Webmaster: Muhammad Muzzamil LUQMAN, La Rochelle Universit\u00e9 (France)<\/p>\n\n\n\n<h4>Jan 2019 &#8211; March 2021<\/h4>\n\n\n\n<p>Chair: Alicia Forn\u00e9s, Universitat Aut\u00f2noma de Barcelona (Spain)<br>Vice Chair: Jean-Christophe BURIE, La Rochelle Universit\u00e9 (France)<br>Communications Officer : Christophe RIGAUD, La Rochelle Universit\u00e9 (France)<br>Educational officer: KC Santosh, University of South Dakota (United States)<br>Dataset curator: Partha Pratim Roy, Indian Institute of Technology Roorkee (India)<br>Webmaster: Muhammad Muzzamil LUQMAN, La Rochelle Universit\u00e9 (France)<\/p>\n\n\n\n<h4>2017 &#8211; Dec 2018<\/h4>\n\n\n\n<p>Chair: Bart Lamiroy, Universit\u00e9 de Lorraine (France)  <br>Vice Chair: Alicia Forn\u00e9s, Universitat Aut\u00f2noma de Barcelona (Spain)  <br>Newsletter Editor : Motoi Iwata, Osaka Prefecture University (Japan)<br>Educational officer: Syed Saqib Bukhari, DFKI  (Germany)<br>Dataset curator: Santosh K.C. , University of South Dakota (USA)\n<br>Webmaster: Jean-Christophe Burie, Universit\u00e9 de La Rochelle (France)<\/p>\n\n\n\n<h4>2015 &#8211; 2016<\/h4>\n\n\n\n<p>Chair: Rafael Lins, Federal University of Pernambuco (Brazil) <br>Vice Chair: Bart Lamiroy, Universit\u00e9 de Lorraine (France) <br>Newsletter Editor : Alicia Forn\u00e9s, Universitat Aut\u00f2noma de Barcelona (Spain) <br>Educational officer: Alicia Forn\u00e9s, Universitat Aut\u00f2noma de Barcelona (Spain) <br>Dataset curator: Syed Saqib Bukhari, DFKI  (Germany)\n<br>Webmaster: Jean-Christophe Burie, Universit\u00e9 de La Rochelle (France) <\/p>\n\n\n\n<h4>2012 &#8211; 2014<\/h4>\n\n\n\n<p>Chair: Jean-Marc Ogier, Universit\u00e9 de La Rochelle (France)<br>Vice Chair: Rafael Lins, Federal University of Pernambuco (Brazil)  <br>Newsletter Editor: Alicia Forn\u00e9s, Universitat Aut\u00f2noma de Barcelona (Spain)<br>Dataset Curator: Bart Lamiroy, Universit\u00e9 de Lorraine (France)<br>Webmaster: Jean-Christophe Burie, Universit\u00e9 de La Rochelle (France)<\/p>\n\n\n\n<h4><strong>2010 &#8211; 2011<\/strong><\/h4>\n\n\n\n<p>Chair: Jean-Marc Ogier, Universit\u00e9 de La Rochelle (France)<br>Vice Chair: Rafael Lins, Federal University of Pernambuco (Brazil)  <br>Newsletter Editor: Jaehwa Park<br>Dataset Curator: Bart Lamiroy, Universit\u00e9 de Lorraine (France)<br>Webmaster: Jean-Christophe Burie, Universit\u00e9 de La Rochelle (France)<\/p>\n\n\n\n<h4>IAPR TC10 Chairs before 2010<\/h4>\n\n\n\n<ul>\n<li>Wenyin Liu<\/li>\n\n\n\n<li>Josep Llad\u00f3s<\/li>\n\n\n\n<li>Young-Bin Kwon<\/li>\n\n\n\n<li>Atul Chabbra<\/li>\n\n\n\n<li>Karl Tombre<\/li>\n\n\n\n<li>Rangachar Kasturi<\/li>\n<\/ul>\n","protected":false},"excerpt":{"rendered":"<p>March 2021 &#8211; Jan 2025 Chair: Jean-Christophe BURIE, La Rochelle Universit\u00e9 (France)Vice Chair: Miki Ueno, Osaka Institute of Technology (Japan)Communications Officer : Christophe RIGAUD, La Rochelle Universit\u00e9 (France)Educational officer: KC [&hellip;]<\/p>\n","protected":false},"author":1,"featured_media":0,"parent":55,"menu_order":0,"comment_status":"closed","ping_status":"closed","template":"","meta":{"_exactmetrics_skip_tracking":false,"_exactmetrics_sitenote_active":false,"_exactmetrics_sitenote_note":"","_exactmetrics_sitenote_category":0,"_links_to":"","_links_to_target":""},"_links":{"self":[{"href":"https:\/\/iapr-tc10.univ-lr.fr\/index.php?rest_route=\/wp\/v2\/pages\/106"}],"collection":[{"href":"https:\/\/iapr-tc10.univ-lr.fr\/index.php?rest_route=\/wp\/v2\/pages"}],"about":[{"href":"https:\/\/iapr-tc10.univ-lr.fr\/index.php?rest_route=\/wp\/v2\/types\/page"}],"author":[{"embeddable":true,"href":"https:\/\/iapr-tc10.univ-lr.fr\/index.php?rest_route=\/wp\/v2\/users\/1"}],"replies":[{"embeddable":true,"href":"https:\/\/iapr-tc10.univ-lr.fr\/index.php?rest_route=%2Fwp%2Fv2%2Fcomments&post=106"}],"version-history":[{"count":23,"href":"https:\/\/iapr-tc10.univ-lr.fr\/index.php?rest_route=\/wp\/v2\/pages\/106\/revisions"}],"predecessor-version":[{"id":1781,"href":"https:\/\/iapr-tc10.univ-lr.fr\/index.php?rest_route=\/wp\/v2\/pages\/106\/revisions\/1781"}],"up":[{"embeddable":true,"href":"https:\/\/iapr-tc10.univ-lr.fr\/index.php?rest_route=\/wp\/v2\/pages\/55"}],"wp:attachment":[{"href":"https:\/\/iapr-tc10.univ-lr.fr\/index.php?rest_route=%2Fwp%2Fv2%2Fmedia&parent=106"}],"curies":[{"name":"wp","href":"https:\/\/api.w.org\/{rel}","templated":true}]}}